{"id":3896,"date":"2017-05-19T21:54:30","date_gmt":"2017-05-19T19:54:30","guid":{"rendered":"http:\/\/www.alexander-pongratz.de\/index.php\/impressum-2\/"},"modified":"2021-03-27T10:52:56","modified_gmt":"2021-03-27T09:52:56","slug":"impressum-13vintagelove","status":"publish","type":"page","link":"https:\/\/www.13vintagelove.de\/index.php\/impressum-13vintagelove\/","title":{"rendered":"Impressum"},"content":{"rendered":"<div  class=\"tatsu-BkWF-yuJgu tatsu-section  tatsu-bg-overlay   tatsu-clearfix\" data-title=\"\"  data-headerscheme=\"background--dark\"><div class='tatsu-section-pad clearfix' data-padding='{\"d\":\"90px 0px 90px 0px\"}' data-padding-top='90px'><div class=\"tatsu-row-wrap  tatsu-wrap tatsu-row-one-col tatsu-row-has-one-cols tatsu-medium-gutter tatsu-reg-cols  tatsu-clearfix tatsu-rJxtbku1gd\" ><div  class=\"tatsu-row \" ><div  class=\"tatsu-column  tatsu-bg-overlay tatsu-one-col tatsu-column-image-none tatsu-column-effect-none  tatsu-H1tWy_Jx_\"  data-parallax-speed=\"0\" style=\"\"><div class=\"tatsu-column-inner \" ><div class=\"tatsu-column-pad-wrap\"><div class=\"tatsu-column-pad\" ><div  class=\"tatsu-module tatsu-text-block-wrap tatsu-HJciggVxd  \"><div class=\"tatsu-text-inner tatsu-align-center  clearfix\" ><style>.tatsu-HJciggVxd.tatsu-text-block-wrap .tatsu-text-inner{width: 100%;text-align: left;}<\/style>\n<h3>Impressum<\/h3>\n<\/div><\/div><div  class=\"tatsu-module tatsu-text-block-wrap tatsu-BJeMk_JxO  \"><div class=\"tatsu-text-inner tatsu-align-center  clearfix\" ><style>.tatsu-BJeMk_JxO.tatsu-text-block-wrap .tatsu-text-inner{width: 100%;text-align: left;}<\/style><p>Angaben gem\u00e4\u00df \u00a7 5 TMG<\/p><p>13vintagelove<br \/>Christina Marghitan<br \/>Ro&szlig;bachstra&szlig;e 2<br \/>84036 Kumhausen<br \/>Deutschland<br \/><\/p><p><b>Vertreten durch:<\/b> Christina Marghitan<br \/><\/p><p><b>Kontakt:<\/b><br\/>Telefon: 015234031213<br\/>E-Mail: <img decoding=\"async\" class=\"dsgvoaio_emailpng\" src=\"https:\/\/www.13vintagelove.de\/wp-content\/dsgvo-all-in-one-wp-pro\/sserdaliame.png\"><br\/><\/p><p><b>Steuernummer:<\/b> 132 \/ 248 \/ 00090<\/p><b>Haftungsausschluss<\/b><br \/><b>Haftung f\u00fcr Links:<\/b><p>Unser Angebot enth\u00e4lt Links zu externen Webseiten Dritter, auf deren Inhalte wir keinen Einfluss haben. Deshalb k\u00f6nnen wir f\u00fcr diese fremden Inhalte auch keine Gew\u00e4hr \u00fcbernehmen. F\u00fcr die Inhalte der verlinkten Seiten ist stets der jeweilige Anbieter oder Betreiber der Seiten verantwortlich. Die verlinkten Seiten wurden zum Zeitpunkt der Verlinkung auf m\u00f6gliche Rechtsverst\u00f6\u00dfe \u00fcberpr\u00fcft. Rechtswidrige Inhalte waren zum Zeitpunkt der Verlinkung nicht erkennbar. Eine permanente inhaltliche Kontrolle der verlinkten Seiten ist jedoch ohne konkrete Anhaltspunkte einer Rechtsverletzung nicht zumutbar. Bei Bekanntwerden von Rechtsverletzungen werden wir derartige Links umgehend entfernen.<\/p><b>Haftung f\u00fcr Inhalt:<\/b><p>Die Inhalte unserer Seiten wurden mit gr\u00f6\u00dfter Sorgfalt erstellt. F\u00fcr die Richtigkeit, Vollst\u00e4ndigkeit und Aktualit\u00e4t der Inhalte k\u00f6nnen wir jedoch keine Gew\u00e4hr \u00fcbernehmen. Als Diensteanbieter sind wir gem\u00e4\u00df \u00a7 7 Abs.1 TMG f\u00fcr eigene Inhalte auf diesen Seiten nach den allgemeinen Gesetzen verantwortlich. Nach \u00a7 8 bis 10 TMG sind wir als Diensteanbieter jedoch nicht verpflichtet, \u00fcbermittelte oder gespeicherte fremde Informationen zu \u00fcberwachen oder nach Umst\u00e4nden zu forschen, die auf eine rechtswidrige T\u00e4tigkeit hinweisen. Verpflichtungen zur Entfernung oder Sperrung der Nutzung von Informationen nach den allgemeinen Gesetzen bleiben hiervon unber\u00fchrt. Eine diesbez\u00fcgliche Haftung ist jedoch erst ab dem Zeitpunkt der Kenntnis einer konkreten Rechtsverletzung m\u00f6glich. Bei Bekanntwerden von entsprechenden Rechtsverletzungen werden wir diese Inhalte umgehend entfernen.<\/p><b>Urheberrecht<\/b><br \/><p>Die durch die Seitenbetreiber erstellten Inhalte und Werke auf diesen Seiten unterliegen dem deutschen Urheberrecht. Die Vervielf\u00e4ltigung, Bearbeitung, Verbreitung und jede Art der Verwertung au\u00dferhalb der Grenzen des Urheberrechtes bed\u00fcrfen der schriftlichen Zustimmung des jeweiligen Autors bzw. Erstellers. Downloads und Kopien dieser Seite sind nur f\u00fcr den privaten, nicht kommerziellen Gebrauch gestattet. Soweit die Inhalte auf dieser Seite nicht vom Betreiber erstellt wurden, werden die Urheberrechte Dritter beachtet. Insbesondere werden Inhalte Dritter als solche gekennzeichnet. Sollten Sie trotzdem auf eine Urheberrechtsverletzung aufmerksam werden, bitten wir um einen entsprechenden Hinweis. Bei Bekanntwerden von Rechtsverletzungen werden wir derartige Inhalte umgehend entfernen.<\/p><br \/>\n<\/div><\/div><div  class=\"tatsu-module tatsu-text-block-wrap tatsu-H1eudngxu  \"><div class=\"tatsu-text-inner tatsu-align-center  clearfix\" ><style>.tatsu-H1eudngxu.tatsu-text-block-wrap .tatsu-text-inner{width: 100%;text-align: left;}<\/style>\n<p>Die angegebenen Preise sind Endpreise zzgl. Versandkosten. Gem\u00e4\u00df \u00a7 19 UStG erheben wir keine Umsatzsteuer und weisen diese folglich auch nicht auf unseren Rechnungen aus.<\/p>\n<p><a href=\"https:\/\/www.freepik.com\/vectors\/logo\">Logo vector created by freepik &#8211; www.freepik.com<\/a><\/p>\n<\/div><\/div><\/div><\/div><div class = \"tatsu-column-bg-image-wrap\"><div class = \"tatsu-column-bg-image\" ><\/div><\/div><div class=\"tatsu-overlay tatsu-column-overlay tatsu-animate-none\" ><\/div><\/div><style>.tatsu-row > .tatsu-H1tWy_Jx_.tatsu-column{width: 100%;}.tatsu-H1tWy_Jx_.tatsu-column > .tatsu-column-inner > .tatsu-column-overlay{mix-blend-mode: normal;}.tatsu-H1tWy_Jx_ > .tatsu-column-inner > .tatsu-top-divider{z-index: 9999;}.tatsu-H1tWy_Jx_ > .tatsu-column-inner > .tatsu-bottom-divider{z-index: 9999;}.tatsu-H1tWy_Jx_ > .tatsu-column-inner > .tatsu-left-divider{z-index: 9999;}.tatsu-H1tWy_Jx_ > .tatsu-column-inner > .tatsu-right-divider{z-index: 9999;}@media only screen and (max-width:1377px) {.tatsu-row > .tatsu-H1tWy_Jx_.tatsu-column{width: 100%;}}@media only screen and (min-width:768px) and (max-width: 1024px) {.tatsu-row > .tatsu-H1tWy_Jx_.tatsu-column{width: 100%;}}@media only screen and (max-width: 767px) {.tatsu-row > .tatsu-H1tWy_Jx_.tatsu-column{width: 100%;}}<\/style><\/div><\/div><\/div><\/div><div class=\"tatsu-section-background-wrap\"><div class = \"tatsu-section-background\" ><\/div><\/div><div class=\"tatsu-overlay tatsu-section-overlay\"><\/div><style>.tatsu-BkWF-yuJgu .tatsu-section-pad{padding: 90px 0px 90px 0px;}.tatsu-BkWF-yuJgu .tatsu-section-offset-wrap{transform: translateY(-0px);}.tatsu-BkWF-yuJgu > .tatsu-bottom-divider{z-index: 9999;}.tatsu-BkWF-yuJgu > .tatsu-top-divider{z-index: 9999;}.tatsu-BkWF-yuJgu .tatsu-section-overlay{mix-blend-mode: normal;}<\/style><\/div>\n","protected":false},"excerpt":{"rendered":"<p><a href=\"https:\/\/www.13vintagelove.de\/index.php\/impressum-13vintagelove\/\" class=\"more-link style1-button\">Weiterlesen<\/a><\/p>","protected":false},"author":1,"featured_media":0,"parent":0,"menu_order":0,"comment_status":"closed","ping_status":"closed","template":"","meta":{"footnotes":""},"class_list":["post-3896","page","type-page","status-publish","hentry"],"yoast_head":"<!-- This site is optimized with the Yoast SEO plugin v27.5 - https:\/\/yoast.com\/product\/yoast-seo-wordpress\/ -->\n<title>Impressum - 13vintagelove Vintage und Mid Century M\u00f6bel<\/title>\n<meta name=\"description\" content=\"Impressum - 13vintagelove Vintage und Mid Century M\u00f6bel. Bei uns findest Du zeitloses Design und Rarit\u00e4ten von h\u00f6chster Qualit\u00e4t.\" \/>\n<meta name=\"robots\" content=\"index, follow, max-snippet:-1, max-image-preview:large, max-video-preview:-1\" \/>\n<link rel=\"canonical\" href=\"https:\/\/www.13vintagelove.de\/index.php\/impressum-13vintagelove\/\" \/>\n<meta property=\"og:locale\" content=\"de_DE\" \/>\n<meta property=\"og:type\" content=\"article\" \/>\n<meta property=\"og:title\" content=\"Impressum - 13vintagelove Vintage und Mid Century M\u00f6bel\" \/>\n<meta property=\"og:description\" content=\"Impressum - 13vintagelove Vintage und Mid Century M\u00f6bel. Bei uns findest Du zeitloses Design und Rarit\u00e4ten von h\u00f6chster Qualit\u00e4t.\" \/>\n<meta property=\"og:url\" content=\"https:\/\/www.13vintagelove.de\/index.php\/impressum-13vintagelove\/\" \/>\n<meta property=\"og:site_name\" content=\"13vintagelove\" \/>\n<meta property=\"article:modified_time\" content=\"2021-03-27T09:52:56+00:00\" \/>\n<meta name=\"twitter:card\" content=\"summary_large_image\" \/>\n<meta name=\"twitter:label1\" content=\"Gesch\u00e4tzte Lesezeit\" \/>\n\t<meta name=\"twitter:data1\" content=\"2\u00a0Minuten\" \/>\n<script type=\"application\/ld+json\" class=\"yoast-schema-graph\">{\"@context\":\"https:\\\/\\\/schema.org\",\"@graph\":[{\"@type\":\"WebPage\",\"@id\":\"https:\\\/\\\/www.13vintagelove.de\\\/index.php\\\/impressum-13vintagelove\\\/\",\"url\":\"https:\\\/\\\/www.13vintagelove.de\\\/index.php\\\/impressum-13vintagelove\\\/\",\"name\":\"Impressum - 13vintagelove Vintage und Mid Century M\u00f6bel\",\"isPartOf\":{\"@id\":\"https:\\\/\\\/www.13vintagelove.de\\\/#website\"},\"datePublished\":\"2017-05-19T19:54:30+00:00\",\"dateModified\":\"2021-03-27T09:52:56+00:00\",\"description\":\"Impressum - 13vintagelove Vintage und Mid Century M\u00f6bel. Bei uns findest Du zeitloses Design und Rarit\u00e4ten von h\u00f6chster Qualit\u00e4t.\",\"breadcrumb\":{\"@id\":\"https:\\\/\\\/www.13vintagelove.de\\\/index.php\\\/impressum-13vintagelove\\\/#breadcrumb\"},\"inLanguage\":\"de\",\"potentialAction\":[{\"@type\":\"ReadAction\",\"target\":[\"https:\\\/\\\/www.13vintagelove.de\\\/index.php\\\/impressum-13vintagelove\\\/\"]}]},{\"@type\":\"BreadcrumbList\",\"@id\":\"https:\\\/\\\/www.13vintagelove.de\\\/index.php\\\/impressum-13vintagelove\\\/#breadcrumb\",\"itemListElement\":[{\"@type\":\"ListItem\",\"position\":1,\"name\":\"Startseite\",\"item\":\"https:\\\/\\\/www.13vintagelove.de\\\/\"},{\"@type\":\"ListItem\",\"position\":2,\"name\":\"Impressum\"}]},{\"@type\":\"WebSite\",\"@id\":\"https:\\\/\\\/www.13vintagelove.de\\\/#website\",\"url\":\"https:\\\/\\\/www.13vintagelove.de\\\/\",\"name\":\"13vintagelove\",\"description\":\"An- und Verkauf von Vintage M\u00f6beln, Mid Century M\u00f6beln, Contemporary M\u00f6beln, D\u00e4nischen M\u00f6beln, Antiquit\u00e4ten und Designklassikern des 20. Jahrhunderts\",\"publisher\":{\"@id\":\"https:\\\/\\\/www.13vintagelove.de\\\/#organization\"},\"potentialAction\":[{\"@type\":\"SearchAction\",\"target\":{\"@type\":\"EntryPoint\",\"urlTemplate\":\"https:\\\/\\\/www.13vintagelove.de\\\/?s={search_term_string}\"},\"query-input\":{\"@type\":\"PropertyValueSpecification\",\"valueRequired\":true,\"valueName\":\"search_term_string\"}}],\"inLanguage\":\"de\"},{\"@type\":\"Organization\",\"@id\":\"https:\\\/\\\/www.13vintagelove.de\\\/#organization\",\"name\":\"13vintagelove\",\"url\":\"https:\\\/\\\/www.13vintagelove.de\\\/\",\"logo\":{\"@type\":\"ImageObject\",\"inLanguage\":\"de\",\"@id\":\"https:\\\/\\\/www.13vintagelove.de\\\/#\\\/schema\\\/logo\\\/image\\\/\",\"url\":\"https:\\\/\\\/www.13vintagelove.de\\\/wp-content\\\/uploads\\\/2021\\\/03\\\/logo.png\",\"contentUrl\":\"https:\\\/\\\/www.13vintagelove.de\\\/wp-content\\\/uploads\\\/2021\\\/03\\\/logo.png\",\"width\":1318,\"height\":1390,\"caption\":\"13vintagelove\"},\"image\":{\"@id\":\"https:\\\/\\\/www.13vintagelove.de\\\/#\\\/schema\\\/logo\\\/image\\\/\"},\"sameAs\":[\"https:\\\/\\\/www.instagram.com\\\/13_vintage_love\\\/?hl=de\"]}]}<\/script>\n<!-- \/ Yoast SEO plugin. -->","yoast_head_json":{"title":"Impressum - 13vintagelove Vintage und Mid Century M\u00f6bel","description":"Impressum - 13vintagelove Vintage und Mid Century M\u00f6bel. Bei uns findest Du zeitloses Design und Rarit\u00e4ten von h\u00f6chster Qualit\u00e4t.","robots":{"index":"index","follow":"follow","max-snippet":"max-snippet:-1","max-image-preview":"max-image-preview:large","max-video-preview":"max-video-preview:-1"},"canonical":"https:\/\/www.13vintagelove.de\/index.php\/impressum-13vintagelove\/","og_locale":"de_DE","og_type":"article","og_title":"Impressum - 13vintagelove Vintage und Mid Century M\u00f6bel","og_description":"Impressum - 13vintagelove Vintage und Mid Century M\u00f6bel. Bei uns findest Du zeitloses Design und Rarit\u00e4ten von h\u00f6chster Qualit\u00e4t.","og_url":"https:\/\/www.13vintagelove.de\/index.php\/impressum-13vintagelove\/","og_site_name":"13vintagelove","article_modified_time":"2021-03-27T09:52:56+00:00","twitter_card":"summary_large_image","twitter_misc":{"Gesch\u00e4tzte Lesezeit":"2\u00a0Minuten"},"schema":{"@context":"https:\/\/schema.org","@graph":[{"@type":"WebPage","@id":"https:\/\/www.13vintagelove.de\/index.php\/impressum-13vintagelove\/","url":"https:\/\/www.13vintagelove.de\/index.php\/impressum-13vintagelove\/","name":"Impressum - 13vintagelove Vintage und Mid Century M\u00f6bel","isPartOf":{"@id":"https:\/\/www.13vintagelove.de\/#website"},"datePublished":"2017-05-19T19:54:30+00:00","dateModified":"2021-03-27T09:52:56+00:00","description":"Impressum - 13vintagelove Vintage und Mid Century M\u00f6bel. Bei uns findest Du zeitloses Design und Rarit\u00e4ten von h\u00f6chster Qualit\u00e4t.","breadcrumb":{"@id":"https:\/\/www.13vintagelove.de\/index.php\/impressum-13vintagelove\/#breadcrumb"},"inLanguage":"de","potentialAction":[{"@type":"ReadAction","target":["https:\/\/www.13vintagelove.de\/index.php\/impressum-13vintagelove\/"]}]},{"@type":"BreadcrumbList","@id":"https:\/\/www.13vintagelove.de\/index.php\/impressum-13vintagelove\/#breadcrumb","itemListElement":[{"@type":"ListItem","position":1,"name":"Startseite","item":"https:\/\/www.13vintagelove.de\/"},{"@type":"ListItem","position":2,"name":"Impressum"}]},{"@type":"WebSite","@id":"https:\/\/www.13vintagelove.de\/#website","url":"https:\/\/www.13vintagelove.de\/","name":"13vintagelove","description":"An- und Verkauf von Vintage M\u00f6beln, Mid Century M\u00f6beln, Contemporary M\u00f6beln, D\u00e4nischen M\u00f6beln, Antiquit\u00e4ten und Designklassikern des 20. Jahrhunderts","publisher":{"@id":"https:\/\/www.13vintagelove.de\/#organization"},"potentialAction":[{"@type":"SearchAction","target":{"@type":"EntryPoint","urlTemplate":"https:\/\/www.13vintagelove.de\/?s={search_term_string}"},"query-input":{"@type":"PropertyValueSpecification","valueRequired":true,"valueName":"search_term_string"}}],"inLanguage":"de"},{"@type":"Organization","@id":"https:\/\/www.13vintagelove.de\/#organization","name":"13vintagelove","url":"https:\/\/www.13vintagelove.de\/","logo":{"@type":"ImageObject","inLanguage":"de","@id":"https:\/\/www.13vintagelove.de\/#\/schema\/logo\/image\/","url":"https:\/\/www.13vintagelove.de\/wp-content\/uploads\/2021\/03\/logo.png","contentUrl":"https:\/\/www.13vintagelove.de\/wp-content\/uploads\/2021\/03\/logo.png","width":1318,"height":1390,"caption":"13vintagelove"},"image":{"@id":"https:\/\/www.13vintagelove.de\/#\/schema\/logo\/image\/"},"sameAs":["https:\/\/www.instagram.com\/13_vintage_love\/?hl=de"]}]}},"_links":{"self":[{"href":"https:\/\/www.13vintagelove.de\/index.php\/wp-json\/wp\/v2\/pages\/3896","targetHints":{"allow":["GET"]}}],"collection":[{"href":"https:\/\/www.13vintagelove.de\/index.php\/wp-json\/wp\/v2\/pages"}],"about":[{"href":"https:\/\/www.13vintagelove.de\/index.php\/wp-json\/wp\/v2\/types\/page"}],"author":[{"embeddable":true,"href":"https:\/\/www.13vintagelove.de\/index.php\/wp-json\/wp\/v2\/users\/1"}],"replies":[{"embeddable":true,"href":"https:\/\/www.13vintagelove.de\/index.php\/wp-json\/wp\/v2\/comments?post=3896"}],"version-history":[{"count":12,"href":"https:\/\/www.13vintagelove.de\/index.php\/wp-json\/wp\/v2\/pages\/3896\/revisions"}],"predecessor-version":[{"id":5219,"href":"https:\/\/www.13vintagelove.de\/index.php\/wp-json\/wp\/v2\/pages\/3896\/revisions\/5219"}],"wp:attachment":[{"href":"https:\/\/www.13vintagelove.de\/index.php\/wp-json\/wp\/v2\/media?parent=3896"}],"curies":[{"name":"wp","href":"https:\/\/api.w.org\/{rel}","templated":true}]}}