{"id":2785,"date":"2014-11-03T17:37:42","date_gmt":"2014-11-03T17:37:42","guid":{"rendered":"http:\/\/www.brandexponents.com\/oshin\/v6\/?page_id=2785"},"modified":"2024-04-25T20:25:05","modified_gmt":"2024-04-25T18:25:05","slug":"kontakt-13vintagelove","status":"publish","type":"page","link":"https:\/\/www.13vintagelove.de\/index.php\/kontakt-13vintagelove\/","title":{"rendered":"Kontakt"},"content":{"rendered":"<div  class=\"tatsu-fqox8eji8hbdtf1i tatsu-section    tatsu-clearfix\" data-title=\"\"  data-headerscheme=\"background--dark\"><div class='tatsu-section-pad clearfix' data-padding='{\"d\":\"90px 0% 10px 0%\"}' data-padding-top='90px'><div class=\"tatsu-row-wrap  tatsu-wrap tatsu-row-has-two-cols tatsu-medium-gutter tatsu-reg-cols  tatsu-clearfix tatsu-fqox8eji90bidfw1\" ><div  class=\"tatsu-row \" ><div  class=\"tatsu-column  tatsu-column-no-bg tatsu-one-fourth tatsu-column-image-none tatsu-column-effect-none  tatsu-fqox8eji9a2bvv2o\"  data-parallax-speed=\"0\" style=\"\"><div class=\"tatsu-column-inner \" ><div class=\"tatsu-column-pad-wrap\"><div class=\"tatsu-column-pad\" ><div  class=\"tatsu-module tatsu-text-block-wrap tatsu-fqox8eji9s6mbvrj  \"><div class=\"tatsu-text-inner tatsu-align-center  clearfix\" ><style>.tatsu-fqox8eji9s6mbvrj.tatsu-text-block-wrap .tatsu-text-inner{text-align: left;}<\/style>\n<h6>Telefon:<\/h6>\n<h4>0152 340 312 13<\/h4>\n<h6>Email:<\/h6>\n<h6>cdm_444@yahoo.de<\/h6>\n<h6>anfragen@13vintagelove.de<\/h6>\n<\/div><\/div><\/div><\/div><div class = \"tatsu-column-bg-image-wrap\"><div class = \"tatsu-column-bg-image\" ><\/div><\/div><\/div><style>.tatsu-row > .tatsu-fqox8eji9a2bvv2o.tatsu-column{width: 25%;}.tatsu-fqox8eji9a2bvv2o.tatsu-column > .tatsu-column-inner > .tatsu-column-overlay{mix-blend-mode: none;}.tatsu-fqox8eji9a2bvv2o > .tatsu-column-inner > .tatsu-top-divider{z-index: 9999;}.tatsu-fqox8eji9a2bvv2o > .tatsu-column-inner > .tatsu-bottom-divider{z-index: 9999;}.tatsu-fqox8eji9a2bvv2o > .tatsu-column-inner > .tatsu-left-divider{z-index: 9999;}.tatsu-fqox8eji9a2bvv2o > .tatsu-column-inner > .tatsu-right-divider{z-index: 9999;}@media only screen and (max-width: 767px) {.tatsu-row > .tatsu-fqox8eji9a2bvv2o.tatsu-column{width: 100%;}}<\/style><\/div><div  class=\"tatsu-column  tatsu-column-no-bg tatsu-three-fourth tatsu-column-image-none tatsu-column-effect-none  tatsu-fqox8ejj0y6u0y1e\"  data-parallax-speed=\"0\" style=\"\"><div class=\"tatsu-column-inner \" ><div class=\"tatsu-column-pad-wrap\"><div class=\"tatsu-column-pad\" ><div  class=\"tatsu-module tatsu-text-block-wrap tatsu-fqox8ejj1i8sjj53  \"><div class=\"tatsu-text-inner tatsu-align-center  clearfix\" ><style>.tatsu-fqox8ejj1i8sjj53.tatsu-text-block-wrap .tatsu-text-inner{text-align: left;}<\/style>\n<h5>Kontakt<\/h5>\n<p>Sprich uns an! Wir freuen uns \u00fcber Deine Anfrage zu unseren M\u00f6belst\u00fccken und informieren Dich genauestens \u00fcber den Zustand und die Lieferbedingungen. Du m\u00f6chtest Deine Einrichtungsgegenst\u00e4nde verkaufen? Kein Problem! Wir unterbreiten Dir gerne ein unverbindliches <a href=\"https:\/\/www.13vintagelove.de\/index.php\/ankauf-von-moebeln\/\">Ankaufs-Angebot<\/a>.<\/p>\n<\/div><\/div><div  class=\"tatsu-module tatsu-text-block-wrap tatsu-BkwkSEexO  \"><div class=\"tatsu-text-inner tatsu-align-center  clearfix\" ><style>.tatsu-BkwkSEexO.tatsu-text-block-wrap .tatsu-text-inner{width: 100%;text-align: left;}<\/style>\n<div class=\"wpcf7 no-js\" id=\"wpcf7-f4569-o1\" lang=\"de-DE\" dir=\"ltr\" data-wpcf7-id=\"4569\">\n<div class=\"screen-reader-response\"><p role=\"status\" aria-live=\"polite\" aria-atomic=\"true\"><\/p> <ul><\/ul><\/div>\n<form action=\"\/index.php\/wp-json\/wp\/v2\/pages\/2785#wpcf7-f4569-o1\" method=\"post\" class=\"wpcf7-form init\" aria-label=\"Kontaktformular\" novalidate=\"novalidate\" data-status=\"init\">\n<fieldset class=\"hidden-fields-container\"><input type=\"hidden\" name=\"_wpcf7\" value=\"4569\" \/><input type=\"hidden\" name=\"_wpcf7_version\" value=\"6.1.5\" \/><input type=\"hidden\" name=\"_wpcf7_locale\" value=\"de_DE\" \/><input type=\"hidden\" name=\"_wpcf7_unit_tag\" value=\"wpcf7-f4569-o1\" \/><input type=\"hidden\" name=\"_wpcf7_container_post\" value=\"0\" \/><input type=\"hidden\" name=\"_wpcf7_posted_data_hash\" value=\"\" \/>\n<\/fieldset>\n<p><label> Dein Name<br \/>\n<span class=\"wpcf7-form-control-wrap\" data-name=\"your-name\"><input size=\"40\" maxlength=\"400\" class=\"wpcf7-form-control wpcf7-text wpcf7-validates-as-required\" aria-required=\"true\" aria-invalid=\"false\" value=\"\" type=\"text\" name=\"your-name\" \/><\/span> <\/label>\n<\/p>\n<p><label> Deine E-Mail-Adresse<br \/>\n<span class=\"wpcf7-form-control-wrap\" data-name=\"your-email\"><input size=\"40\" maxlength=\"400\" class=\"wpcf7-form-control wpcf7-email wpcf7-validates-as-required wpcf7-text wpcf7-validates-as-email\" aria-required=\"true\" aria-invalid=\"false\" value=\"\" type=\"email\" name=\"your-email\" \/><\/span> <\/label>\n<\/p>\n<p><label> Betreff<br \/>\n<span class=\"wpcf7-form-control-wrap\" data-name=\"your-subject\"><input size=\"40\" maxlength=\"400\" class=\"wpcf7-form-control wpcf7-text wpcf7-validates-as-required\" aria-required=\"true\" aria-invalid=\"false\" value=\"\" type=\"text\" name=\"your-subject\" \/><\/span> <\/label>\n<\/p>\n<p><label> Deine Nachricht<br \/>\n<span class=\"wpcf7-form-control-wrap\" data-name=\"your-message\"><textarea cols=\"40\" rows=\"10\" maxlength=\"2000\" class=\"wpcf7-form-control wpcf7-textarea\" aria-invalid=\"false\" name=\"your-message\"><\/textarea><\/span> <\/label>\n<\/p>\n<p class=\"datenschutz\"><br \/>\n<strong>Datenschutz<\/strong><br \/>\n<span class=\"wpcf7-form-control-wrap\" data-name=\"dsgvo\"><span class=\"wpcf7-form-control wpcf7-acceptance\"><span class=\"wpcf7-list-item\"><label><input type=\"checkbox\" name=\"dsgvo\" value=\"1\" aria-invalid=\"false\" \/><span class=\"wpcf7-list-item-label\">Ich stimme zu, dass meine Angaben aus dem Kontaktformular zur Beantwortung meiner Anfrage erhoben und verarbeitet werden. Die Daten werden auf Wunsch gel\u00f6scht.\nHinweis: Sie k\u00f6nnen Ihre Einwilligung jederzeit f\u00fcr die Zukunft per E-Mail an cdm_444@yahoo.de widerrufen. Detaillierte Informationen zum Umgang mit Nutzerdaten finden Sie in unserer <a href=\"http:\/\/www.13vintagelove.de\/index.php\/datenschutzbelehrung\/\">Datenschutzerkl\u00e4rung<\/a>.<\/span><\/label><\/span><\/span><\/span>\n<\/p>\n<p><input class=\"wpcf7-form-control wpcf7-submit has-spinner\" type=\"submit\" value=\"Senden\" \/>\n<\/p>\n<p><span class=\"wpcf7-form-control-wrap kc_captcha\" data-name=\"kc_captcha\"><span class=\"wpcf7-form-control wpcf7-radio\"><span class=\"captcha-image\" ><span class=\"cf7ic_instructions\">Bitte beweise, dass du kein Spambot bist und w\u00e4hle das Symbol<span> Flugzeug<\/span>.<\/span><label><input aria-label=\"1\" type=\"radio\" name=\"kc_captcha\" value=\"bot\" \/><svg aria-hidden=\"true\" role=\"img\" xmlns=\"http:\/\/www.w3.org\/2000\/svg\" viewBox=\"0 0 576 512\"><path fill=\"currentColor\" d=\"M415 24c-53 0-103 42-127 65-24-23-74-65-127-65C70 24 16 77 16 166c0 72 67 133 69 135l187 181c9 8 23 8 32 0l187-180c2-3 69-64 69-136 0-89-54-142-145-142z\"\/><\/svg><\/label><label><input aria-label=\"2\" type=\"radio\" name=\"kc_captcha\" value=\"bot\" \/><svg aria-hidden=\"true\" role=\"img\" xmlns=\"http:\/\/www.w3.org\/2000\/svg\" viewBox=\"0 0 576 512\"><path fill=\"currentColor\" d=\"M488 313v143c0 13-11 24-24 24H348c-7 0-12-5-12-12V356c0-7-5-12-12-12h-72c-7 0-12 5-12 12v112c0 7-5 12-12 12H112c-13 0-24-11-24-24V313c0-4 2-7 4-10l188-154c5-4 11-4 16 0l188 154c2 3 4 6 4 10zm84-61l-84-69V44c0-6-5-12-12-12h-56c-7 0-12 6-12 12v73l-89-74a48 48 0 00-61 0L4 252c-5 4-5 12-1 17l25 31c5 5 12 5 17 1l235-193c5-4 11-4 16 0l235 193c5 5 13 4 17-1l25-31c4-6 4-13-1-17z\"\/><\/svg><\/label><label><input aria-label=\"3\" type=\"radio\" name=\"kc_captcha\" value=\"kc_human\" \/><svg aria-hidden=\"true\" role=\"img\" xmlns=\"http:\/\/www.w3.org\/2000\/svg\" viewBox=\"0 0 576 512\"><path fill=\"currentColor\" d=\"M472 200H360L256 6a12 12 0 00-10-6h-58c-8 0-14 7-12 15l34 185H100l-35-58a12 12 0 00-10-6H12c-8 0-13 7-12 14l21 106L0 362c-1 7 4 14 12 14h43c4 0 8-2 10-6l35-58h110l-34 185c-2 8 4 15 12 15h58a12 12 0 0010-6l104-194h112c57 0 104-25 104-56s-47-56-104-56z\"\/><\/svg><\/label>\r\n    <\/span>\r\n    <span style=\"display:none\">\r\n        <input type=\"text\" name=\"kc_honeypot\">\r\n    <\/span><\/span><\/span>\n<\/p><div class=\"wpcf7-response-output\" aria-hidden=\"true\"><\/div>\n<\/form>\n<\/div>\n<br \/>\n<\/div><\/div><\/div><\/div><div class = \"tatsu-column-bg-image-wrap\"><div class = \"tatsu-column-bg-image\" ><\/div><\/div><\/div><style>.tatsu-row > .tatsu-fqox8ejj0y6u0y1e.tatsu-column{width: 75%;}.tatsu-fqox8ejj0y6u0y1e.tatsu-column > .tatsu-column-inner > .tatsu-column-overlay{mix-blend-mode: none;}.tatsu-fqox8ejj0y6u0y1e > .tatsu-column-inner > .tatsu-top-divider{z-index: 9999;}.tatsu-fqox8ejj0y6u0y1e > .tatsu-column-inner > .tatsu-bottom-divider{z-index: 9999;}.tatsu-fqox8ejj0y6u0y1e > .tatsu-column-inner > .tatsu-left-divider{z-index: 9999;}.tatsu-fqox8ejj0y6u0y1e > .tatsu-column-inner > .tatsu-right-divider{z-index: 9999;}@media only screen and (max-width: 767px) {.tatsu-row > .tatsu-fqox8ejj0y6u0y1e.tatsu-column{width: 100%;}}<\/style><\/div><\/div><\/div><\/div><div class=\"tatsu-section-background-wrap\"><div class = \"tatsu-section-background\" ><\/div><\/div><style>.tatsu-fqox8eji8hbdtf1i.tatsu-section{background-color: rgba(255,255,255,1);}.tatsu-fqox8eji8hbdtf1i .tatsu-section-pad{padding: 90px 0% 10px 0%;}.tatsu-fqox8eji8hbdtf1i > .tatsu-bottom-divider{z-index: 9999;}.tatsu-fqox8eji8hbdtf1i > .tatsu-top-divider{z-index: 9999;}<\/style><\/div>\n","protected":false},"excerpt":{"rendered":"<p><a href=\"https:\/\/www.13vintagelove.de\/index.php\/kontakt-13vintagelove\/\" class=\"more-link style1-button\">Weiterlesen<\/a><\/p>","protected":false},"author":1,"featured_media":0,"parent":0,"menu_order":0,"comment_status":"open","ping_status":"closed","template":"","meta":{"footnotes":""},"class_list":["post-2785","page","type-page","status-publish","hentry"],"yoast_head":"<!-- This site is optimized with the Yoast SEO plugin v27.5 - https:\/\/yoast.com\/product\/yoast-seo-wordpress\/ -->\n<title>Kontakt 13vintagelove - Wir freuen uns \u00fcber Deine Nachricht!<\/title>\n<meta name=\"description\" content=\"Kontakt 13vintagelove - Wir freuen uns \u00fcber Deine Nachricht! An- und Verkauf von Vintage und Mid Century M\u00f6beln.\" \/>\n<meta name=\"robots\" content=\"index, follow, max-snippet:-1, max-image-preview:large, max-video-preview:-1\" \/>\n<link rel=\"canonical\" href=\"https:\/\/www.13vintagelove.de\/index.php\/kontakt-13vintagelove\/\" \/>\n<meta property=\"og:locale\" content=\"de_DE\" \/>\n<meta property=\"og:type\" content=\"article\" \/>\n<meta property=\"og:title\" content=\"Kontakt 13vintagelove - Wir freuen uns \u00fcber Deine Nachricht!\" \/>\n<meta property=\"og:description\" content=\"Kontakt 13vintagelove - Wir freuen uns \u00fcber Deine Nachricht! An- und Verkauf von Vintage und Mid Century M\u00f6beln.\" \/>\n<meta property=\"og:url\" content=\"https:\/\/www.13vintagelove.de\/index.php\/kontakt-13vintagelove\/\" \/>\n<meta property=\"og:site_name\" content=\"13vintagelove\" \/>\n<meta property=\"article:modified_time\" content=\"2024-04-25T18:25:05+00:00\" \/>\n<meta name=\"twitter:card\" content=\"summary_large_image\" \/>\n<meta name=\"twitter:label1\" content=\"Gesch\u00e4tzte Lesezeit\" \/>\n\t<meta name=\"twitter:data1\" content=\"3\u00a0Minuten\" \/>\n<script type=\"application\/ld+json\" class=\"yoast-schema-graph\">{\"@context\":\"https:\\\/\\\/schema.org\",\"@graph\":[{\"@type\":[\"WebPage\",\"ContactPage\"],\"@id\":\"https:\\\/\\\/www.13vintagelove.de\\\/index.php\\\/kontakt-13vintagelove\\\/\",\"url\":\"https:\\\/\\\/www.13vintagelove.de\\\/index.php\\\/kontakt-13vintagelove\\\/\",\"name\":\"Kontakt 13vintagelove - Wir freuen uns \u00fcber Deine Nachricht!\",\"isPartOf\":{\"@id\":\"https:\\\/\\\/www.13vintagelove.de\\\/#website\"},\"datePublished\":\"2014-11-03T17:37:42+00:00\",\"dateModified\":\"2024-04-25T18:25:05+00:00\",\"description\":\"Kontakt 13vintagelove - Wir freuen uns \u00fcber Deine Nachricht! An- und Verkauf von Vintage und Mid Century M\u00f6beln.\",\"breadcrumb\":{\"@id\":\"https:\\\/\\\/www.13vintagelove.de\\\/index.php\\\/kontakt-13vintagelove\\\/#breadcrumb\"},\"inLanguage\":\"de\",\"potentialAction\":[{\"@type\":\"ReadAction\",\"target\":[\"https:\\\/\\\/www.13vintagelove.de\\\/index.php\\\/kontakt-13vintagelove\\\/\"]}]},{\"@type\":\"BreadcrumbList\",\"@id\":\"https:\\\/\\\/www.13vintagelove.de\\\/index.php\\\/kontakt-13vintagelove\\\/#breadcrumb\",\"itemListElement\":[{\"@type\":\"ListItem\",\"position\":1,\"name\":\"Startseite\",\"item\":\"https:\\\/\\\/www.13vintagelove.de\\\/\"},{\"@type\":\"ListItem\",\"position\":2,\"name\":\"Kontakt\"}]},{\"@type\":\"WebSite\",\"@id\":\"https:\\\/\\\/www.13vintagelove.de\\\/#website\",\"url\":\"https:\\\/\\\/www.13vintagelove.de\\\/\",\"name\":\"13vintagelove\",\"description\":\"An- und Verkauf von Vintage M\u00f6beln, Mid Century M\u00f6beln, Contemporary M\u00f6beln, D\u00e4nischen M\u00f6beln, Antiquit\u00e4ten und Designklassikern des 20. Jahrhunderts\",\"publisher\":{\"@id\":\"https:\\\/\\\/www.13vintagelove.de\\\/#organization\"},\"potentialAction\":[{\"@type\":\"SearchAction\",\"target\":{\"@type\":\"EntryPoint\",\"urlTemplate\":\"https:\\\/\\\/www.13vintagelove.de\\\/?s={search_term_string}\"},\"query-input\":{\"@type\":\"PropertyValueSpecification\",\"valueRequired\":true,\"valueName\":\"search_term_string\"}}],\"inLanguage\":\"de\"},{\"@type\":\"Organization\",\"@id\":\"https:\\\/\\\/www.13vintagelove.de\\\/#organization\",\"name\":\"13vintagelove\",\"url\":\"https:\\\/\\\/www.13vintagelove.de\\\/\",\"logo\":{\"@type\":\"ImageObject\",\"inLanguage\":\"de\",\"@id\":\"https:\\\/\\\/www.13vintagelove.de\\\/#\\\/schema\\\/logo\\\/image\\\/\",\"url\":\"https:\\\/\\\/www.13vintagelove.de\\\/wp-content\\\/uploads\\\/2021\\\/03\\\/logo.png\",\"contentUrl\":\"https:\\\/\\\/www.13vintagelove.de\\\/wp-content\\\/uploads\\\/2021\\\/03\\\/logo.png\",\"width\":1318,\"height\":1390,\"caption\":\"13vintagelove\"},\"image\":{\"@id\":\"https:\\\/\\\/www.13vintagelove.de\\\/#\\\/schema\\\/logo\\\/image\\\/\"},\"sameAs\":[\"https:\\\/\\\/www.instagram.com\\\/13_vintage_love\\\/?hl=de\"]}]}<\/script>\n<!-- \/ Yoast SEO plugin. -->","yoast_head_json":{"title":"Kontakt 13vintagelove - Wir freuen uns \u00fcber Deine Nachricht!","description":"Kontakt 13vintagelove - Wir freuen uns \u00fcber Deine Nachricht! An- und Verkauf von Vintage und Mid Century M\u00f6beln.","robots":{"index":"index","follow":"follow","max-snippet":"max-snippet:-1","max-image-preview":"max-image-preview:large","max-video-preview":"max-video-preview:-1"},"canonical":"https:\/\/www.13vintagelove.de\/index.php\/kontakt-13vintagelove\/","og_locale":"de_DE","og_type":"article","og_title":"Kontakt 13vintagelove - Wir freuen uns \u00fcber Deine Nachricht!","og_description":"Kontakt 13vintagelove - Wir freuen uns \u00fcber Deine Nachricht! An- und Verkauf von Vintage und Mid Century M\u00f6beln.","og_url":"https:\/\/www.13vintagelove.de\/index.php\/kontakt-13vintagelove\/","og_site_name":"13vintagelove","article_modified_time":"2024-04-25T18:25:05+00:00","twitter_card":"summary_large_image","twitter_misc":{"Gesch\u00e4tzte Lesezeit":"3\u00a0Minuten"},"schema":{"@context":"https:\/\/schema.org","@graph":[{"@type":["WebPage","ContactPage"],"@id":"https:\/\/www.13vintagelove.de\/index.php\/kontakt-13vintagelove\/","url":"https:\/\/www.13vintagelove.de\/index.php\/kontakt-13vintagelove\/","name":"Kontakt 13vintagelove - Wir freuen uns \u00fcber Deine Nachricht!","isPartOf":{"@id":"https:\/\/www.13vintagelove.de\/#website"},"datePublished":"2014-11-03T17:37:42+00:00","dateModified":"2024-04-25T18:25:05+00:00","description":"Kontakt 13vintagelove - Wir freuen uns \u00fcber Deine Nachricht! An- und Verkauf von Vintage und Mid Century M\u00f6beln.","breadcrumb":{"@id":"https:\/\/www.13vintagelove.de\/index.php\/kontakt-13vintagelove\/#breadcrumb"},"inLanguage":"de","potentialAction":[{"@type":"ReadAction","target":["https:\/\/www.13vintagelove.de\/index.php\/kontakt-13vintagelove\/"]}]},{"@type":"BreadcrumbList","@id":"https:\/\/www.13vintagelove.de\/index.php\/kontakt-13vintagelove\/#breadcrumb","itemListElement":[{"@type":"ListItem","position":1,"name":"Startseite","item":"https:\/\/www.13vintagelove.de\/"},{"@type":"ListItem","position":2,"name":"Kontakt"}]},{"@type":"WebSite","@id":"https:\/\/www.13vintagelove.de\/#website","url":"https:\/\/www.13vintagelove.de\/","name":"13vintagelove","description":"An- und Verkauf von Vintage M\u00f6beln, Mid Century M\u00f6beln, Contemporary M\u00f6beln, D\u00e4nischen M\u00f6beln, Antiquit\u00e4ten und Designklassikern des 20. Jahrhunderts","publisher":{"@id":"https:\/\/www.13vintagelove.de\/#organization"},"potentialAction":[{"@type":"SearchAction","target":{"@type":"EntryPoint","urlTemplate":"https:\/\/www.13vintagelove.de\/?s={search_term_string}"},"query-input":{"@type":"PropertyValueSpecification","valueRequired":true,"valueName":"search_term_string"}}],"inLanguage":"de"},{"@type":"Organization","@id":"https:\/\/www.13vintagelove.de\/#organization","name":"13vintagelove","url":"https:\/\/www.13vintagelove.de\/","logo":{"@type":"ImageObject","inLanguage":"de","@id":"https:\/\/www.13vintagelove.de\/#\/schema\/logo\/image\/","url":"https:\/\/www.13vintagelove.de\/wp-content\/uploads\/2021\/03\/logo.png","contentUrl":"https:\/\/www.13vintagelove.de\/wp-content\/uploads\/2021\/03\/logo.png","width":1318,"height":1390,"caption":"13vintagelove"},"image":{"@id":"https:\/\/www.13vintagelove.de\/#\/schema\/logo\/image\/"},"sameAs":["https:\/\/www.instagram.com\/13_vintage_love\/?hl=de"]}]}},"_links":{"self":[{"href":"https:\/\/www.13vintagelove.de\/index.php\/wp-json\/wp\/v2\/pages\/2785","targetHints":{"allow":["GET"]}}],"collection":[{"href":"https:\/\/www.13vintagelove.de\/index.php\/wp-json\/wp\/v2\/pages"}],"about":[{"href":"https:\/\/www.13vintagelove.de\/index.php\/wp-json\/wp\/v2\/types\/page"}],"author":[{"embeddable":true,"href":"https:\/\/www.13vintagelove.de\/index.php\/wp-json\/wp\/v2\/users\/1"}],"replies":[{"embeddable":true,"href":"https:\/\/www.13vintagelove.de\/index.php\/wp-json\/wp\/v2\/comments?post=2785"}],"version-history":[{"count":22,"href":"https:\/\/www.13vintagelove.de\/index.php\/wp-json\/wp\/v2\/pages\/2785\/revisions"}],"predecessor-version":[{"id":6396,"href":"https:\/\/www.13vintagelove.de\/index.php\/wp-json\/wp\/v2\/pages\/2785\/revisions\/6396"}],"wp:attachment":[{"href":"https:\/\/www.13vintagelove.de\/index.php\/wp-json\/wp\/v2\/media?parent=2785"}],"curies":[{"name":"wp","href":"https:\/\/api.w.org\/{rel}","templated":true}]}}