{"id":2601,"date":"2014-10-24T06:11:19","date_gmt":"2014-10-24T06:11:19","guid":{"rendered":"http:\/\/www.brandexponents.com\/oshin\/v6\/?page_id=2601"},"modified":"2025-09-30T19:06:55","modified_gmt":"2025-09-30T17:06:55","slug":"about-us","status":"publish","type":"page","link":"https:\/\/www.13vintagelove.de\/index.php\/about-us\/","title":{"rendered":"\u00dcber uns"},"content":{"rendered":"<div  class=\"tatsu-fqox8db1jg6k1fcf tatsu-section  tatsu-bg-overlay   tatsu-clearfix\" data-title=\"\"  data-headerscheme=\"background--light\"><div class='tatsu-section-pad clearfix' data-padding='{\"d\":\"200px 0% 200px 0%\"}' data-padding-top='200px'><div class=\"tatsu-row-wrap  tatsu-wrap tatsu-row-one-col tatsu-row-has-one-cols tatsu-medium-gutter tatsu-reg-cols  tatsu-clearfix tatsu-fqox8db1kebe1on2\" ><div  class=\"tatsu-row \" ><div  class=\"tatsu-column  tatsu-column-no-bg tatsu-column-empty tatsu-one-col tatsu-column-image-none tatsu-column-effect-none  tatsu-fqox8db1of3emrbf\"  data-parallax-speed=\"0\" style=\"\"><div class=\"tatsu-column-inner \" ><div class=\"tatsu-column-pad-wrap\"><div class=\"tatsu-column-pad\" ><\/div><\/div><div class = \"tatsu-column-bg-image-wrap\"><div class = \"tatsu-column-bg-image\" ><\/div><\/div><\/div><style>.tatsu-row > .tatsu-fqox8db1of3emrbf.tatsu-column{width: 100%;}.tatsu-fqox8db1of3emrbf.tatsu-column > .tatsu-column-inner > .tatsu-column-overlay{mix-blend-mode: none;}.tatsu-fqox8db1of3emrbf > .tatsu-column-inner > .tatsu-top-divider{z-index: 9999;}.tatsu-fqox8db1of3emrbf > .tatsu-column-inner > .tatsu-bottom-divider{z-index: 9999;}.tatsu-fqox8db1of3emrbf > .tatsu-column-inner > .tatsu-left-divider{z-index: 9999;}.tatsu-fqox8db1of3emrbf > .tatsu-column-inner > .tatsu-right-divider{z-index: 9999;}<\/style><\/div><\/div><\/div><\/div><div class=\"tatsu-section-background-wrap\"><div class = \"tatsu-section-background\" ><\/div><\/div><div class=\"tatsu-overlay tatsu-section-overlay\"><\/div><style>.tatsu-fqox8db1jg6k1fcf .tatsu-section-background{background-image: url(https:\/\/www.13vintagelove.de\/wp-content\/uploads\/2023\/07\/Sofa_Confluences_von_Ligne_Roset_gelb_orange_Philippe_Nigro_3.jpg);background-repeat: no-repeat;background-attachment: scroll;background-position: center center;background-size: cover;}.tatsu-fqox8db1jg6k1fcf .tatsu-bg-blur{background-repeat: no-repeat;background-attachment: scroll;background-position: center center;background-size: cover;}.tatsu-fqox8db1jg6k1fcf{border-width: 0px 0px px 0px;border-style: solid;}.tatsu-fqox8db1jg6k1fcf .tatsu-section-pad{padding: 200px 0% 200px 0%;}.tatsu-fqox8db1jg6k1fcf > .tatsu-bottom-divider{z-index: 9999;}.tatsu-fqox8db1jg6k1fcf > .tatsu-top-divider{z-index: 9999;}.tatsu-fqox8db1jg6k1fcf .tatsu-section-overlay{mix-blend-mode: normal;}<\/style><\/div><div  class=\"tatsu-fqox8db1so1obwjy tatsu-section    tatsu-clearfix\" data-title=\"\"  data-headerscheme=\"background--light\"><div class='tatsu-section-pad clearfix' data-padding='{\"d\":\"50px 0% 101px 0%\"}' data-padding-top='50px'><div class=\"tatsu-row-wrap  tatsu-wrap tatsu-row-one-col tatsu-row-has-one-cols tatsu-zero-margin tatsu-medium-gutter tatsu-reg-cols  tatsu-clearfix tatsu-fqox8db1tn4ji4pi\" ><div  class=\"tatsu-row \" ><div  class=\"tatsu-column  tatsu-column-no-bg tatsu-one-col tatsu-column-image-none tatsu-column-effect-none  tatsu-fqox8db1tvetc1or\"  data-parallax-speed=\"0\" style=\"\"><div class=\"tatsu-column-inner \" ><div class=\"tatsu-column-pad-wrap\"><div class=\"tatsu-column-pad\" ><div  class=\"special-heading-wrap style1 oshine-module  tatsu-fqox8db1u13l5ap8  \" ><div class=\"special-heading align-center\"><h3 class=\"special-h-tag\" >\u00dcber uns<\/h3><div class=\"sub-title margin-bottom \">\n<h4>Wir brauchen weniger, aber besseres. (Dieter Rams)<\/h4>\n<\/div><\/div><style>.tatsu-fqox8db1u13l5ap8 .special-h-tag{color: #000000 ;}<\/style><\/div><\/div><\/div><div class = \"tatsu-column-bg-image-wrap\"><div class = \"tatsu-column-bg-image\" ><\/div><\/div><\/div><style>.tatsu-row > .tatsu-fqox8db1tvetc1or.tatsu-column{width: 100%;}.tatsu-fqox8db1tvetc1or.tatsu-column > .tatsu-column-inner > .tatsu-column-overlay{mix-blend-mode: none;}.tatsu-fqox8db1tvetc1or > .tatsu-column-inner > .tatsu-top-divider{z-index: 9999;}.tatsu-fqox8db1tvetc1or > .tatsu-column-inner > .tatsu-bottom-divider{z-index: 9999;}.tatsu-fqox8db1tvetc1or > .tatsu-column-inner > .tatsu-left-divider{z-index: 9999;}.tatsu-fqox8db1tvetc1or > .tatsu-column-inner > .tatsu-right-divider{z-index: 9999;}<\/style><\/div><\/div><\/div><div class=\"tatsu-row-wrap  tatsu-wrap tatsu-row-one-col tatsu-row-has-one-cols tatsu-medium-gutter tatsu-reg-cols  tatsu-clearfix tatsu-fqox8db1xn6n9c0b\" ><div  class=\"tatsu-row \" ><div  class=\"tatsu-column  tatsu-column-no-bg tatsu-one-col tatsu-column-image-none tatsu-column-effect-none  tatsu-fqox8db1xuemumz\"  data-parallax-speed=\"0\" style=\"\"><div class=\"tatsu-column-inner \" ><div class=\"tatsu-column-pad-wrap\"><div class=\"tatsu-column-pad\" ><div  class=\"tatsu-module tatsu-text-block-wrap tatsu-fqox8db1y0dm2h0v  \"><div class=\"tatsu-text-inner tatsu-align-center  clearfix\" ><style>.tatsu-fqox8db1y0dm2h0v.tatsu-text-block-wrap .tatsu-text-inner{width: 70%;text-align: left;}<\/style>\n<p>Herzlich Willkommen auf meiner Seite 13vintagelove.de<\/p>\n<p>Ich bin Christina, bei mir findest du hochwertige Vintage und Mid Century M\u00f6bel, d\u00e4nische M\u00f6bel, Contemporary M\u00f6bel, Teak M\u00f6bel, alte und antike M\u00f6bel und ausgesuchte Einrichtungsgegenst\u00e4nde des 20. Jahrhunderts. Bei der Auswahl meiner Rarit\u00e4ten achte ich besonders auf eine hohe Verarbeitungsqualit\u00e4t, zeitlose Eleganz und einzigartiges Design. Bei Bedarf werden die M\u00f6bel von mir restauriert und neu gepolstert.<\/p>\n<p>Vintage M\u00f6bel und Designklassiker liegen voll im Trend, denn sie bieten in unserer heutigen Wegwerfgesellschaft eine nachhaltige, hochwertige und zeitlose Alternative zu den aktuellen meist \u00fcberteuerten Produkten. Und obendrein wurden die meisten der M\u00f6bel aus fr\u00fcheren Tagen wesentlich besser verarbeitet als heutige Produkte. Sie wurden gebaut um ein Leben lang zu halten.<\/p>\n<p>Du m\u00f6chtest ein bestimmtes St\u00fcck <a href=\"https:\/\/www.13vintagelove.de\/index.php\/ankauf-von-moebeln\/\">verkaufen<\/a> oder Du bist H\u00e4ndler? Gerne kaufe ich Deine besonderen Sch\u00e4tze an. Schreib mir eine kurze Nachricht f\u00fcr ein unverbindliches Angebot. Ich kaufe haupts\u00e4chlich M\u00f6bel die mir pers\u00f6nlich gefallen und ich genie\u00dfe den Mix aus alten und modernen Objekten.<\/p>\n<p>Deine M\u00f6bel sollen <a href=\"https:\/\/www.13vintagelove.de\/index.php\/moebelaufbereitung\/\">aufbereitet<\/a> werden oder Deine St\u00fchle <a href=\"https:\/\/www.13vintagelove.de\/index.php\/stuhlgeflecht-erneuern-mit-daenischer-papierschnur\/\">neu bespannt<\/a> werden? Kein Problem. Auch das kann ich Dir anbieten.<\/p>\n<p>Falls Dir ein M\u00f6belst\u00fcck auf meiner Seite gef\u00e4llt, dann k\u00f6nnen wir gerne einen Termin vereinbaren. Du kannst es in meinem Lager in der N\u00e4he von Landshut besichtigen und bei Gefallen gleich mitnehmen. Auch ein internationaler Versand per Spedition kann bei Bedarf organisiert werden. Viel Spa\u00df beim St\u00f6bern und Entdecken auf meiner Webseite. Ich freue mich, wenn Dir meine Rarit\u00e4ten gefallen und bedanke mich herzlich f\u00fcr Deinen Besuch.<\/p>\n<p>Liebe Gr\u00fc\u00dfe<\/p>\n<p>Christina<\/p>\n<p>P.S. Bleib auf dem Laufenden und abonniere meinen Instagramfeed mit allen neuen Produktupdates auf\u00a0 <a href=\"https:\/\/www.instagram.com\/13_vintage_love\/\">https:\/\/www.instagram.com\/13_vintage_love\/<\/a><\/p>\n<p>Besuche auch meine Shops auf <a href=\"https:\/\/www.pamono.de\/products?udropship_vendor=5882\">Pamono<\/a> und <a href=\"https:\/\/www.whoppah.com\/de\/user-ads\/d1679749-deb8-44ea-8b0b-8625128da06d\">Whoppah<\/a> und kaufe direkt mit Versand vor deine Haust\u00fcr. Du bist mit meinem Service zufrieden? Dann freue ich mich \u00fcber Deine positive <a href=\"https:\/\/g.page\/r\/CbI_MeLxbY7PEBM\/review\">Google Bewertung<\/a>.<\/p>\n<\/div><\/div><div  class=\"tatsu-module tatsu-text-block-wrap tatsu-rySoI-4e_  \"><div class=\"tatsu-text-inner tatsu-align-center  clearfix\" ><style>.tatsu-rySoI-4e_.tatsu-text-block-wrap .tatsu-text-inner{width: 100%;text-align: left;}<\/style><\/div><\/div><\/div><\/div><div class = \"tatsu-column-bg-image-wrap\"><div class = \"tatsu-column-bg-image\" ><\/div><\/div><\/div><style>.tatsu-row > .tatsu-fqox8db1xuemumz.tatsu-column{width: 100%;}.tatsu-fqox8db1xuemumz.tatsu-column > .tatsu-column-inner > .tatsu-column-overlay{mix-blend-mode: none;}.tatsu-fqox8db1xuemumz > .tatsu-column-inner > .tatsu-top-divider{z-index: 9999;}.tatsu-fqox8db1xuemumz > .tatsu-column-inner > .tatsu-bottom-divider{z-index: 9999;}.tatsu-fqox8db1xuemumz > .tatsu-column-inner > .tatsu-left-divider{z-index: 9999;}.tatsu-fqox8db1xuemumz > .tatsu-column-inner > .tatsu-right-divider{z-index: 9999;}<\/style><\/div><\/div><\/div><\/div><div class=\"tatsu-section-background-wrap\"><div class = \"tatsu-section-background\" ><\/div><\/div><style>.tatsu-fqox8db1so1obwjy{border-width: 0px 0px px 0px;border-style: solid;}.tatsu-fqox8db1so1obwjy .tatsu-section-pad{padding: 50px 0% 101px 0%;}.tatsu-fqox8db1so1obwjy > .tatsu-bottom-divider{z-index: 9999;}.tatsu-fqox8db1so1obwjy > .tatsu-top-divider{z-index: 9999;}<\/style><\/div>\n","protected":false},"excerpt":{"rendered":"<p><a href=\"https:\/\/www.13vintagelove.de\/index.php\/about-us\/\" class=\"more-link style1-button\">Weiterlesen<\/a><\/p>","protected":false},"author":1,"featured_media":0,"parent":0,"menu_order":0,"comment_status":"open","ping_status":"closed","template":"","meta":{"footnotes":""},"class_list":["post-2601","page","type-page","status-publish","hentry"],"yoast_head":"<!-- This site is optimized with the Yoast SEO plugin v27.5 - https:\/\/yoast.com\/product\/yoast-seo-wordpress\/ -->\n<title>\u00dcber uns 13vintagelove about us - Erfahre mehr \u00fcber uns<\/title>\n<meta name=\"description\" content=\"Wir sind ein kleines feines Gesch\u00e4ft f\u00fcr hochwertige Mid Century M\u00f6bel, Vintagem\u00f6bel, D\u00e4nische M\u00f6bel. About us.\" \/>\n<meta name=\"robots\" content=\"index, follow, max-snippet:-1, max-image-preview:large, max-video-preview:-1\" \/>\n<link rel=\"canonical\" href=\"https:\/\/www.13vintagelove.de\/index.php\/about-us\/\" \/>\n<meta property=\"og:locale\" content=\"de_DE\" \/>\n<meta property=\"og:type\" content=\"article\" \/>\n<meta property=\"og:title\" content=\"\u00dcber uns 13vintagelove about us - Erfahre mehr \u00fcber uns\" \/>\n<meta property=\"og:description\" content=\"Wir sind ein kleines feines Gesch\u00e4ft f\u00fcr hochwertige Mid Century M\u00f6bel, Vintagem\u00f6bel, D\u00e4nische M\u00f6bel. About us.\" \/>\n<meta property=\"og:url\" content=\"https:\/\/www.13vintagelove.de\/index.php\/about-us\/\" \/>\n<meta property=\"og:site_name\" content=\"13vintagelove\" \/>\n<meta property=\"article:modified_time\" content=\"2025-09-30T17:06:55+00:00\" \/>\n<meta name=\"twitter:card\" content=\"summary_large_image\" \/>\n<meta name=\"twitter:label1\" content=\"Gesch\u00e4tzte Lesezeit\" \/>\n\t<meta name=\"twitter:data1\" content=\"7\u00a0Minuten\" \/>\n<script type=\"application\/ld+json\" class=\"yoast-schema-graph\">{\"@context\":\"https:\\\/\\\/schema.org\",\"@graph\":[{\"@type\":[\"WebPage\",\"AboutPage\"],\"@id\":\"https:\\\/\\\/www.13vintagelove.de\\\/index.php\\\/about-us\\\/\",\"url\":\"https:\\\/\\\/www.13vintagelove.de\\\/index.php\\\/about-us\\\/\",\"name\":\"\u00dcber uns 13vintagelove about us - Erfahre mehr \u00fcber uns\",\"isPartOf\":{\"@id\":\"https:\\\/\\\/www.13vintagelove.de\\\/#website\"},\"datePublished\":\"2014-10-24T06:11:19+00:00\",\"dateModified\":\"2025-09-30T17:06:55+00:00\",\"description\":\"Wir sind ein kleines feines Gesch\u00e4ft f\u00fcr hochwertige Mid Century M\u00f6bel, Vintagem\u00f6bel, D\u00e4nische M\u00f6bel. About us.\",\"breadcrumb\":{\"@id\":\"https:\\\/\\\/www.13vintagelove.de\\\/index.php\\\/about-us\\\/#breadcrumb\"},\"inLanguage\":\"de\",\"potentialAction\":[{\"@type\":\"ReadAction\",\"target\":[\"https:\\\/\\\/www.13vintagelove.de\\\/index.php\\\/about-us\\\/\"]}]},{\"@type\":\"BreadcrumbList\",\"@id\":\"https:\\\/\\\/www.13vintagelove.de\\\/index.php\\\/about-us\\\/#breadcrumb\",\"itemListElement\":[{\"@type\":\"ListItem\",\"position\":1,\"name\":\"Startseite\",\"item\":\"https:\\\/\\\/www.13vintagelove.de\\\/\"},{\"@type\":\"ListItem\",\"position\":2,\"name\":\"\u00dcber uns\"}]},{\"@type\":\"WebSite\",\"@id\":\"https:\\\/\\\/www.13vintagelove.de\\\/#website\",\"url\":\"https:\\\/\\\/www.13vintagelove.de\\\/\",\"name\":\"13vintagelove\",\"description\":\"An- und Verkauf von Vintage M\u00f6beln, Mid Century M\u00f6beln, Contemporary M\u00f6beln, D\u00e4nischen M\u00f6beln, Antiquit\u00e4ten und Designklassikern des 20. Jahrhunderts\",\"publisher\":{\"@id\":\"https:\\\/\\\/www.13vintagelove.de\\\/#organization\"},\"potentialAction\":[{\"@type\":\"SearchAction\",\"target\":{\"@type\":\"EntryPoint\",\"urlTemplate\":\"https:\\\/\\\/www.13vintagelove.de\\\/?s={search_term_string}\"},\"query-input\":{\"@type\":\"PropertyValueSpecification\",\"valueRequired\":true,\"valueName\":\"search_term_string\"}}],\"inLanguage\":\"de\"},{\"@type\":\"Organization\",\"@id\":\"https:\\\/\\\/www.13vintagelove.de\\\/#organization\",\"name\":\"13vintagelove\",\"url\":\"https:\\\/\\\/www.13vintagelove.de\\\/\",\"logo\":{\"@type\":\"ImageObject\",\"inLanguage\":\"de\",\"@id\":\"https:\\\/\\\/www.13vintagelove.de\\\/#\\\/schema\\\/logo\\\/image\\\/\",\"url\":\"https:\\\/\\\/www.13vintagelove.de\\\/wp-content\\\/uploads\\\/2021\\\/03\\\/logo.png\",\"contentUrl\":\"https:\\\/\\\/www.13vintagelove.de\\\/wp-content\\\/uploads\\\/2021\\\/03\\\/logo.png\",\"width\":1318,\"height\":1390,\"caption\":\"13vintagelove\"},\"image\":{\"@id\":\"https:\\\/\\\/www.13vintagelove.de\\\/#\\\/schema\\\/logo\\\/image\\\/\"},\"sameAs\":[\"https:\\\/\\\/www.instagram.com\\\/13_vintage_love\\\/?hl=de\"]}]}<\/script>\n<!-- \/ Yoast SEO plugin. -->","yoast_head_json":{"title":"\u00dcber uns 13vintagelove about us - Erfahre mehr \u00fcber uns","description":"Wir sind ein kleines feines Gesch\u00e4ft f\u00fcr hochwertige Mid Century M\u00f6bel, Vintagem\u00f6bel, D\u00e4nische M\u00f6bel. About us.","robots":{"index":"index","follow":"follow","max-snippet":"max-snippet:-1","max-image-preview":"max-image-preview:large","max-video-preview":"max-video-preview:-1"},"canonical":"https:\/\/www.13vintagelove.de\/index.php\/about-us\/","og_locale":"de_DE","og_type":"article","og_title":"\u00dcber uns 13vintagelove about us - Erfahre mehr \u00fcber uns","og_description":"Wir sind ein kleines feines Gesch\u00e4ft f\u00fcr hochwertige Mid Century M\u00f6bel, Vintagem\u00f6bel, D\u00e4nische M\u00f6bel. About us.","og_url":"https:\/\/www.13vintagelove.de\/index.php\/about-us\/","og_site_name":"13vintagelove","article_modified_time":"2025-09-30T17:06:55+00:00","twitter_card":"summary_large_image","twitter_misc":{"Gesch\u00e4tzte Lesezeit":"7\u00a0Minuten"},"schema":{"@context":"https:\/\/schema.org","@graph":[{"@type":["WebPage","AboutPage"],"@id":"https:\/\/www.13vintagelove.de\/index.php\/about-us\/","url":"https:\/\/www.13vintagelove.de\/index.php\/about-us\/","name":"\u00dcber uns 13vintagelove about us - Erfahre mehr \u00fcber uns","isPartOf":{"@id":"https:\/\/www.13vintagelove.de\/#website"},"datePublished":"2014-10-24T06:11:19+00:00","dateModified":"2025-09-30T17:06:55+00:00","description":"Wir sind ein kleines feines Gesch\u00e4ft f\u00fcr hochwertige Mid Century M\u00f6bel, Vintagem\u00f6bel, D\u00e4nische M\u00f6bel. About us.","breadcrumb":{"@id":"https:\/\/www.13vintagelove.de\/index.php\/about-us\/#breadcrumb"},"inLanguage":"de","potentialAction":[{"@type":"ReadAction","target":["https:\/\/www.13vintagelove.de\/index.php\/about-us\/"]}]},{"@type":"BreadcrumbList","@id":"https:\/\/www.13vintagelove.de\/index.php\/about-us\/#breadcrumb","itemListElement":[{"@type":"ListItem","position":1,"name":"Startseite","item":"https:\/\/www.13vintagelove.de\/"},{"@type":"ListItem","position":2,"name":"\u00dcber uns"}]},{"@type":"WebSite","@id":"https:\/\/www.13vintagelove.de\/#website","url":"https:\/\/www.13vintagelove.de\/","name":"13vintagelove","description":"An- und Verkauf von Vintage M\u00f6beln, Mid Century M\u00f6beln, Contemporary M\u00f6beln, D\u00e4nischen M\u00f6beln, Antiquit\u00e4ten und Designklassikern des 20. Jahrhunderts","publisher":{"@id":"https:\/\/www.13vintagelove.de\/#organization"},"potentialAction":[{"@type":"SearchAction","target":{"@type":"EntryPoint","urlTemplate":"https:\/\/www.13vintagelove.de\/?s={search_term_string}"},"query-input":{"@type":"PropertyValueSpecification","valueRequired":true,"valueName":"search_term_string"}}],"inLanguage":"de"},{"@type":"Organization","@id":"https:\/\/www.13vintagelove.de\/#organization","name":"13vintagelove","url":"https:\/\/www.13vintagelove.de\/","logo":{"@type":"ImageObject","inLanguage":"de","@id":"https:\/\/www.13vintagelove.de\/#\/schema\/logo\/image\/","url":"https:\/\/www.13vintagelove.de\/wp-content\/uploads\/2021\/03\/logo.png","contentUrl":"https:\/\/www.13vintagelove.de\/wp-content\/uploads\/2021\/03\/logo.png","width":1318,"height":1390,"caption":"13vintagelove"},"image":{"@id":"https:\/\/www.13vintagelove.de\/#\/schema\/logo\/image\/"},"sameAs":["https:\/\/www.instagram.com\/13_vintage_love\/?hl=de"]}]}},"_links":{"self":[{"href":"https:\/\/www.13vintagelove.de\/index.php\/wp-json\/wp\/v2\/pages\/2601","targetHints":{"allow":["GET"]}}],"collection":[{"href":"https:\/\/www.13vintagelove.de\/index.php\/wp-json\/wp\/v2\/pages"}],"about":[{"href":"https:\/\/www.13vintagelove.de\/index.php\/wp-json\/wp\/v2\/types\/page"}],"author":[{"embeddable":true,"href":"https:\/\/www.13vintagelove.de\/index.php\/wp-json\/wp\/v2\/users\/1"}],"replies":[{"embeddable":true,"href":"https:\/\/www.13vintagelove.de\/index.php\/wp-json\/wp\/v2\/comments?post=2601"}],"version-history":[{"count":49,"href":"https:\/\/www.13vintagelove.de\/index.php\/wp-json\/wp\/v2\/pages\/2601\/revisions"}],"predecessor-version":[{"id":6827,"href":"https:\/\/www.13vintagelove.de\/index.php\/wp-json\/wp\/v2\/pages\/2601\/revisions\/6827"}],"wp:attachment":[{"href":"https:\/\/www.13vintagelove.de\/index.php\/wp-json\/wp\/v2\/media?parent=2601"}],"curies":[{"name":"wp","href":"https:\/\/api.w.org\/{rel}","templated":true}]}}